{"id":1267,"date":"2026-01-29T15:56:19","date_gmt":"2026-01-29T15:56:19","guid":{"rendered":"https:\/\/professionaltoolseg.com\/?post_type=product&#038;p=1267"},"modified":"2026-02-21T11:43:08","modified_gmt":"2026-02-21T11:43:08","slug":"px4384-facon-saint-honore","status":"publish","type":"product","link":"https:\/\/professionaltoolseg.com\/en\/product\/px4384-facon-saint-honore\/","title":{"rendered":"PX4384 Fa\u00e7on Saint-Honor\u00e9"},"content":{"rendered":"<div class=\"product-info__block-item\" data-block-type=\"title\">\n<h1 class=\"product-title h3\">PX4384 Fa\u00e7on Saint-Honor\u00e9<\/h1>\n<\/div>\n<div class=\"product-info__block-item\" data-block-type=\"price\">\n<div class=\"v-stack\">\n<p>Dim mold. \u00d8 72 x H 40 mm<\/p>\n<p>vol. 100 ml<\/p>\n<p>12 indents<\/p>\n<p>The line of products created in collaboration with C\u00e9dric Grolet is enriched with a new shape, Fa\u00e7on Saint-Honor\u00e9, with surprising realism, both for cake and for single portion.<\/p>\n<p>The silicone molds have been designed to give the finished product an original, authentic and real trait.<\/p>\n<p>Discover all the line created in collaboration with \u201cThe World&#039;s Best Pastry Chef 2018\u201d, C\u00e9dric Grolet.<\/p>\n<\/div>\n<\/div>","protected":false},"excerpt":{"rendered":"<p>PX4384 Fa\u00e7on Saint-Honor\u00e9 Dim mould.\u00a0\u00a0\u00d8\u00a072 x h 40 mm vol. 100 ml 12 indents The line of products created in collaboration with C\u00e9dric Grolet is enriched with a new shape, Fa\u00e7on Saint-Honor\u00e9, with surprising realism, both for cake and for single portion. The silicone moulds have been designed to give the finished product an original, authentic and real trait. Discover all the line created in collaboration with the &#8220;The World\u2019s Best Pastry Chef 2018&#8221;, C\u00e9dric Grolet.<\/p>","protected":false},"featured_media":2416,"comment_status":"open","ping_status":"closed","template":"","meta":{"site-sidebar-layout":"default","site-content-layout":"","ast-site-content-layout":"default","site-content-style":"default","site-sidebar-style":"default","ast-global-header-display":"","ast-banner-title-visibility":"","ast-main-header-display":"","ast-hfb-above-header-display":"","ast-hfb-below-header-display":"","ast-hfb-mobile-header-display":"","site-post-title":"","ast-breadcrumbs-content":"","ast-featured-img":"","footer-sml-layout":"","ast-disable-related-posts":"","theme-transparent-header-meta":"default","adv-header-id-meta":"","stick-header-meta":"","header-above-stick-meta":"","header-main-stick-meta":"","header-below-stick-meta":"","astra-migrate-meta-layouts":"set","ast-page-background-enabled":"default","ast-page-background-meta":{"desktop":{"background-color":"var(--ast-global-color-5)","background-image":"","background-repeat":"repeat","background-position":"center center","background-size":"auto","background-attachment":"scroll","background-type":"","background-media":"","overlay-type":"","overlay-color":"","overlay-opacity":"","overlay-gradient":""},"tablet":{"background-color":"","background-image":"","background-repeat":"repeat","background-position":"center center","background-size":"auto","background-attachment":"scroll","background-type":"","background-media":"","overlay-type":"","overlay-color":"","overlay-opacity":"","overlay-gradient":""},"mobile":{"background-color":"","background-image":"","background-repeat":"repeat","background-position":"center center","background-size":"auto","background-attachment":"scroll","background-type":"","background-media":"","overlay-type":"","overlay-color":"","overlay-opacity":"","overlay-gradient":""}},"ast-content-background-meta":{"desktop":{"background-color":"var(--ast-global-color-4)","background-image":"","background-repeat":"repeat","background-position":"center center","background-size":"auto","background-attachment":"scroll","background-type":"","background-media":"","overlay-type":"","overlay-color":"","overlay-opacity":"","overlay-gradient":""},"tablet":{"background-color":"var(--ast-global-color-4)","background-image":"","background-repeat":"repeat","background-position":"center center","background-size":"auto","background-attachment":"scroll","background-type":"","background-media":"","overlay-type":"","overlay-color":"","overlay-opacity":"","overlay-gradient":""},"mobile":{"background-color":"var(--ast-global-color-4)","background-image":"","background-repeat":"repeat","background-position":"center center","background-size":"auto","background-attachment":"scroll","background-type":"","background-media":"","overlay-type":"","overlay-color":"","overlay-opacity":"","overlay-gradient":""}}},"product_brand":[66],"product_cat":[19,36],"product_tag":[],"class_list":{"0":"post-1267","1":"product","2":"type-product","3":"status-publish","4":"has-post-thumbnail","6":"product_brand-pavoni","7":"product_cat-19","8":"product_cat-36","9":"desktop-align-left","10":"tablet-align-left","11":"mobile-align-left","13":"first","14":"instock","15":"shipping-taxable","16":"product-type-simple"},"_links":{"self":[{"href":"https:\/\/professionaltoolseg.com\/en\/wp-json\/wp\/v2\/product\/1267","targetHints":{"allow":["GET"]}}],"collection":[{"href":"https:\/\/professionaltoolseg.com\/en\/wp-json\/wp\/v2\/product"}],"about":[{"href":"https:\/\/professionaltoolseg.com\/en\/wp-json\/wp\/v2\/types\/product"}],"replies":[{"embeddable":true,"href":"https:\/\/professionaltoolseg.com\/en\/wp-json\/wp\/v2\/comments?post=1267"}],"wp:featuredmedia":[{"embeddable":true,"href":"https:\/\/professionaltoolseg.com\/en\/wp-json\/wp\/v2\/media\/2416"}],"wp:attachment":[{"href":"https:\/\/professionaltoolseg.com\/en\/wp-json\/wp\/v2\/media?parent=1267"}],"wp:term":[{"taxonomy":"product_brand","embeddable":true,"href":"https:\/\/professionaltoolseg.com\/en\/wp-json\/wp\/v2\/product_brand?post=1267"},{"taxonomy":"product_cat","embeddable":true,"href":"https:\/\/professionaltoolseg.com\/en\/wp-json\/wp\/v2\/product_cat?post=1267"},{"taxonomy":"product_tag","embeddable":true,"href":"https:\/\/professionaltoolseg.com\/en\/wp-json\/wp\/v2\/product_tag?post=1267"}],"curies":[{"name":"wp","href":"https:\/\/api.w.org\/{rel}","templated":true}]}}