{"id":1318,"date":"2026-01-30T13:16:45","date_gmt":"2026-01-30T13:16:45","guid":{"rendered":"https:\/\/professionaltoolseg.com\/?post_type=product&#038;p=1318"},"modified":"2026-02-21T12:21:20","modified_gmt":"2026-02-21T12:21:20","slug":"px4388-dentelle","status":"publish","type":"product","link":"https:\/\/professionaltoolseg.com\/en\/product\/px4388-dentelle\/","title":{"rendered":"PX4388 Dentelle"},"content":{"rendered":"<div class=\"product-info__block-item\" data-block-type=\"title\">\n<h1 class=\"product-title h3\">PX4388 Dentelle<\/h1>\n<\/div>\n<div class=\"product-info__block-item\" data-block-type=\"price\">\n<div class=\"v-stack\">\n<p>The dream of perfection.<\/p>\n<p>Recreate the art of \u201cpochage\u201d with the molds designed by C\u00e9dric Grolet.<\/p>\n<p>Silicone molds with surprising realism and the new Dentelle by C\u00e9dric Grolet for Pavoni Italia.<\/p>\n<p>\u00d8 mm 75\u00d745 h<\/p>\n<p>~ 130 ml<\/p>\n<p>12 indents<\/p>\n<\/div>\n<\/div>","protected":false},"excerpt":{"rendered":"<p>PX4388 Dentelle The dream of perfection. Recreate the art of \u201cpochage\u201d with the moulds designed by C\u00e9dric Grolet. Silicone moulds with surprising realism and the new Dentelle by C\u00e9dric Grolet for Pavoni Italia. \u00d8 mm 75&#215;45 h ~\u00a0130 ml 12\u00a0indents<\/p>","protected":false},"featured_media":2458,"comment_status":"open","ping_status":"closed","template":"","meta":{"site-sidebar-layout":"default","site-content-layout":"","ast-site-content-layout":"default","site-content-style":"default","site-sidebar-style":"default","ast-global-header-display":"","ast-banner-title-visibility":"","ast-main-header-display":"","ast-hfb-above-header-display":"","ast-hfb-below-header-display":"","ast-hfb-mobile-header-display":"","site-post-title":"","ast-breadcrumbs-content":"","ast-featured-img":"","footer-sml-layout":"","ast-disable-related-posts":"","theme-transparent-header-meta":"default","adv-header-id-meta":"","stick-header-meta":"","header-above-stick-meta":"","header-main-stick-meta":"","header-below-stick-meta":"","astra-migrate-meta-layouts":"set","ast-page-background-enabled":"default","ast-page-background-meta":{"desktop":{"background-color":"var(--ast-global-color-5)","background-image":"","background-repeat":"repeat","background-position":"center center","background-size":"auto","background-attachment":"scroll","background-type":"","background-media":"","overlay-type":"","overlay-color":"","overlay-opacity":"","overlay-gradient":""},"tablet":{"background-color":"","background-image":"","background-repeat":"repeat","background-position":"center center","background-size":"auto","background-attachment":"scroll","background-type":"","background-media":"","overlay-type":"","overlay-color":"","overlay-opacity":"","overlay-gradient":""},"mobile":{"background-color":"","background-image":"","background-repeat":"repeat","background-position":"center center","background-size":"auto","background-attachment":"scroll","background-type":"","background-media":"","overlay-type":"","overlay-color":"","overlay-opacity":"","overlay-gradient":""}},"ast-content-background-meta":{"desktop":{"background-color":"var(--ast-global-color-4)","background-image":"","background-repeat":"repeat","background-position":"center center","background-size":"auto","background-attachment":"scroll","background-type":"","background-media":"","overlay-type":"","overlay-color":"","overlay-opacity":"","overlay-gradient":""},"tablet":{"background-color":"var(--ast-global-color-4)","background-image":"","background-repeat":"repeat","background-position":"center center","background-size":"auto","background-attachment":"scroll","background-type":"","background-media":"","overlay-type":"","overlay-color":"","overlay-opacity":"","overlay-gradient":""},"mobile":{"background-color":"var(--ast-global-color-4)","background-image":"","background-repeat":"repeat","background-position":"center center","background-size":"auto","background-attachment":"scroll","background-type":"","background-media":"","overlay-type":"","overlay-color":"","overlay-opacity":"","overlay-gradient":""}}},"product_brand":[66],"product_cat":[19,36],"product_tag":[],"class_list":{"0":"post-1318","1":"product","2":"type-product","3":"status-publish","4":"has-post-thumbnail","6":"product_brand-pavoni","7":"product_cat-19","8":"product_cat-36","9":"desktop-align-left","10":"tablet-align-left","11":"mobile-align-left","13":"first","14":"instock","15":"shipping-taxable","16":"product-type-simple"},"_links":{"self":[{"href":"https:\/\/professionaltoolseg.com\/en\/wp-json\/wp\/v2\/product\/1318","targetHints":{"allow":["GET"]}}],"collection":[{"href":"https:\/\/professionaltoolseg.com\/en\/wp-json\/wp\/v2\/product"}],"about":[{"href":"https:\/\/professionaltoolseg.com\/en\/wp-json\/wp\/v2\/types\/product"}],"replies":[{"embeddable":true,"href":"https:\/\/professionaltoolseg.com\/en\/wp-json\/wp\/v2\/comments?post=1318"}],"wp:featuredmedia":[{"embeddable":true,"href":"https:\/\/professionaltoolseg.com\/en\/wp-json\/wp\/v2\/media\/2458"}],"wp:attachment":[{"href":"https:\/\/professionaltoolseg.com\/en\/wp-json\/wp\/v2\/media?parent=1318"}],"wp:term":[{"taxonomy":"product_brand","embeddable":true,"href":"https:\/\/professionaltoolseg.com\/en\/wp-json\/wp\/v2\/product_brand?post=1318"},{"taxonomy":"product_cat","embeddable":true,"href":"https:\/\/professionaltoolseg.com\/en\/wp-json\/wp\/v2\/product_cat?post=1318"},{"taxonomy":"product_tag","embeddable":true,"href":"https:\/\/professionaltoolseg.com\/en\/wp-json\/wp\/v2\/product_tag?post=1318"}],"curies":[{"name":"wp","href":"https:\/\/api.w.org\/{rel}","templated":true}]}}